{"id":37,"date":"2025-09-18T22:05:21","date_gmt":"2025-09-18T22:05:21","guid":{"rendered":"https:\/\/publicaciones-pmv.co\/?page_id=37"},"modified":"2025-09-19T14:49:42","modified_gmt":"2025-09-19T19:49:42","slug":"beneficios-de-participacion","status":"publish","type":"page","link":"https:\/\/publicaciones-pmv.co\/index.php\/beneficios-de-participacion\/","title":{"rendered":"Beneficios de Participaci\u00f3n"},"content":{"rendered":"\n<p style=\"text-align: justify;\"><strong>Reconocimiento Nacional e Internacional Garantizado <\/strong>El reconocimiento \u00abEmpresa del A\u00f1o en Proveedur\u00eda Excelencia\u00bb se incorpora como m\u00e9rito destacado en el historial institucional de la organizaci\u00f3n y sus directivos. Este distintivo respalda la calidad, confiabilidad y compromiso con el desarrollo sostenible, siendo un activo valioso en procesos de comunicaci\u00f3n, marketing y negociaci\u00f3n. <\/p>\n\n\n\n<p style=\"text-align: justify;\"><strong>Fortalecimiento del Perfil Corporativo <\/strong>El reconocimiento \u00abEmpresa del A\u00f1o en Proveedur\u00eda Responsable\u00bb se incorpora como m\u00e9rito destacado en el historial institucional de la organizaci\u00f3n y sus directivos. Este distintivo respalda la calidad, confiabilidad y compromiso con el desarrollo sostenible, siendo un activo valioso en procesos de comunicaci\u00f3n, marketing y negociaci\u00f3n. <\/p>\n\n\n\n<p style=\"text-aling: justify;\"><strong>Visibilidad Medi\u00e1tica Multicanal <\/strong>Las empresas reconocidas disfrutan de amplia difusi\u00f3n en plataformas digitales, medios tradicionales y espacios institucionales, lo que fortalece su imagen p\u00fablica y genera atenci\u00f3n positiva continua en torno a sus pr\u00e1cticas responsables. <\/p>\n\n\n\n<p style=\"text-align: justify;\"><strong>Liderazgo Sectorial y Diferenciaci\u00f3n Competitiva <\/strong>Este galard\u00f3n distingue a la empresa por su excelencia operativa y su contribuci\u00f3n al bienestar colectivo. Al ser reconocida, se consolida como l\u00edder en su sector, influenciando decisiones estrat\u00e9gicas de clientes, aliados y comunidades. <\/p>\n\n\n\n<p style=\"text-align: justify;\"><strong>Red de Empresas Transformadoras <\/strong>Los galardonados forman parte de una comunidad empresarial comprometida con la transformaci\u00f3n territorial, la sostenibilidad y la justicia social. Esta red facilita alianzas, intercambio de buenas pr\u00e1cticas y nuevas oportunidades de colaboraci\u00f3n entre pares de alto nivel. <\/p>\n\n\n\n<p style=\"text-align: justify;\"><strong>Impacto Positivo en el Clima Organizacional <\/strong>El reconocimiento institucional fortalece el sentido de pertenencia y orgullo entre los colaboradores, promoviendo un entorno laboral motivador que impulsa la productividad, la innovaci\u00f3n y la retenci\u00f3n del talento. <\/p>\n\n\n\n<p style=\"text-align: justify;\"><strong>Incremento de Confianza y Credibilidad <\/strong>Ser galardonado eleva la credibilidad de la empresa ante clientes, inversionistas y entidades p\u00fablicas, validando su compromiso con la excelencia, la transparencia y el desarrollo territorial. <\/p>\n\n\n\n<p style=\"text-align: justify;\"><strong>Compromiso con la Vida y la Mejora Continua <\/strong>Este reconocimiento refleja el compromiso activo de la empresa con la mejora continua, la equidad y la protecci\u00f3n de la vida en todas sus formas, en consonancia con los principios del Plan Nacional de Desarrollo. <\/p>\n\n\n\n<figure class=\"wp-block-image size-large\"><img loading=\"lazy\" decoding=\"async\" width=\"1024\" height=\"683\" src=\"https:\/\/publicaciones-pmv.co\/wp-content\/uploads\/2025\/09\/ChatGPT-Image-19-sept-2025-01_43_47-p.m-1024x683.png\" alt=\"\" class=\"wp-image-121\" srcset=\"https:\/\/publicaciones-pmv.co\/wp-content\/uploads\/2025\/09\/ChatGPT-Image-19-sept-2025-01_43_47-p.m-1024x683.png 1024w, https:\/\/publicaciones-pmv.co\/wp-content\/uploads\/2025\/09\/ChatGPT-Image-19-sept-2025-01_43_47-p.m-300x200.png 300w, https:\/\/publicaciones-pmv.co\/wp-content\/uploads\/2025\/09\/ChatGPT-Image-19-sept-2025-01_43_47-p.m-768x512.png 768w, https:\/\/publicaciones-pmv.co\/wp-content\/uploads\/2025\/09\/ChatGPT-Image-19-sept-2025-01_43_47-p.m.png 1536w\" sizes=\"auto, (max-width: 1024px) 100vw, 1024px\" \/><\/figure>\n","protected":false},"excerpt":{"rendered":"<p>Reconocimiento Nacional e Internacional Garantizado El reconocimiento \u00abEmpresa del A\u00f1o<\/p>\n","protected":false},"author":2,"featured_media":0,"parent":0,"menu_order":0,"comment_status":"closed","ping_status":"closed","template":"","meta":{"footnotes":""},"class_list":["post-37","page","type-page","status-publish","hentry"],"_links":{"self":[{"href":"https:\/\/publicaciones-pmv.co\/index.php\/wp-json\/wp\/v2\/pages\/37","targetHints":{"allow":["GET"]}}],"collection":[{"href":"https:\/\/publicaciones-pmv.co\/index.php\/wp-json\/wp\/v2\/pages"}],"about":[{"href":"https:\/\/publicaciones-pmv.co\/index.php\/wp-json\/wp\/v2\/types\/page"}],"author":[{"embeddable":true,"href":"https:\/\/publicaciones-pmv.co\/index.php\/wp-json\/wp\/v2\/users\/2"}],"replies":[{"embeddable":true,"href":"https:\/\/publicaciones-pmv.co\/index.php\/wp-json\/wp\/v2\/comments?post=37"}],"version-history":[{"count":6,"href":"https:\/\/publicaciones-pmv.co\/index.php\/wp-json\/wp\/v2\/pages\/37\/revisions"}],"predecessor-version":[{"id":55,"href":"https:\/\/publicaciones-pmv.co\/index.php\/wp-json\/wp\/v2\/pages\/37\/revisions\/55"}],"wp:attachment":[{"href":"https:\/\/publicaciones-pmv.co\/index.php\/wp-json\/wp\/v2\/media?parent=37"}],"curies":[{"name":"wp","href":"https:\/\/api.w.org\/{rel}","templated":true}]}}