{"id":25,"date":"2025-09-18T18:58:54","date_gmt":"2025-09-18T18:58:54","guid":{"rendered":"https:\/\/publicaciones-pmv.co\/?page_id=25"},"modified":"2025-09-26T13:55:47","modified_gmt":"2025-09-26T18:55:47","slug":"metricas","status":"publish","type":"page","link":"https:\/\/publicaciones-pmv.co\/index.php\/metricas\/","title":{"rendered":"M\u00e9tricas"},"content":{"rendered":"\n<p style=\"text-align: justify;\">El reconocimiento como Empresa del A\u00f1o en Cumplimiento Institucional representa el firme compromiso de la organizaci\u00f3n con Colombia y sus territorios, al cumplir rigurosamente con las normativas emitidas y supervisadas por las entidades regulatorias responsables de garantizar la legalidad, la transparencia y la sostenibilidad empresarial. <\/p>\n\n\n\n<p style=\"text-align: justify;\">La directiva de Publicaciones PMV nombra un comit\u00e9 de selecci\u00f3n conformado por perfiles t\u00e9cnicos y estrat\u00e9gicos de alto nivel. Este comit\u00e9 eval\u00faa, selecciona y notifica a las empresas que, por su desempe\u00f1o ejemplar, son acreedoras a este distintivo institucional. <\/p>\n\n\n\n<p style=\"text-align: justify;\">Una vez otorgado el reconocimiento, se procede a su difusi\u00f3n mediante estrategias multicanal que aseguran visibilidad nacional, fortalecen la reputaci\u00f3n corporativa y promueven el liderazgo empresarial en la construcci\u00f3n de una Colombia como potencia mundial de la vida. <\/p>\n\n\n\n<figure class=\"wp-block-image size-large\"><img loading=\"lazy\" decoding=\"async\" width=\"768\" height=\"1024\" src=\"https:\/\/publicaciones-pmv.co\/wp-content\/uploads\/2025\/09\/Target_PPMV-768x1024.jpg\" alt=\"\" class=\"wp-image-221\" srcset=\"https:\/\/publicaciones-pmv.co\/wp-content\/uploads\/2025\/09\/Target_PPMV-768x1024.jpg 768w, https:\/\/publicaciones-pmv.co\/wp-content\/uploads\/2025\/09\/Target_PPMV-225x300.jpg 225w, https:\/\/publicaciones-pmv.co\/wp-content\/uploads\/2025\/09\/Target_PPMV-1152x1536.jpg 1152w, https:\/\/publicaciones-pmv.co\/wp-content\/uploads\/2025\/09\/Target_PPMV-1536x2048.jpg 1536w, https:\/\/publicaciones-pmv.co\/wp-content\/uploads\/2025\/09\/Target_PPMV-1024x1365.jpg 1024w, https:\/\/publicaciones-pmv.co\/wp-content\/uploads\/2025\/09\/Target_PPMV-scaled.jpg 1920w\" sizes=\"auto, (max-width: 768px) 100vw, 768px\" \/><\/figure>\n","protected":false},"excerpt":{"rendered":"<p>El reconocimiento como Empresa del A\u00f1o en Cumplimiento Institucional representa<\/p>\n","protected":false},"author":2,"featured_media":0,"parent":0,"menu_order":0,"comment_status":"closed","ping_status":"closed","template":"","meta":{"footnotes":""},"class_list":["post-25","page","type-page","status-publish","hentry"],"_links":{"self":[{"href":"https:\/\/publicaciones-pmv.co\/index.php\/wp-json\/wp\/v2\/pages\/25","targetHints":{"allow":["GET"]}}],"collection":[{"href":"https:\/\/publicaciones-pmv.co\/index.php\/wp-json\/wp\/v2\/pages"}],"about":[{"href":"https:\/\/publicaciones-pmv.co\/index.php\/wp-json\/wp\/v2\/types\/page"}],"author":[{"embeddable":true,"href":"https:\/\/publicaciones-pmv.co\/index.php\/wp-json\/wp\/v2\/users\/2"}],"replies":[{"embeddable":true,"href":"https:\/\/publicaciones-pmv.co\/index.php\/wp-json\/wp\/v2\/comments?post=25"}],"version-history":[{"count":5,"href":"https:\/\/publicaciones-pmv.co\/index.php\/wp-json\/wp\/v2\/pages\/25\/revisions"}],"predecessor-version":[{"id":222,"href":"https:\/\/publicaciones-pmv.co\/index.php\/wp-json\/wp\/v2\/pages\/25\/revisions\/222"}],"wp:attachment":[{"href":"https:\/\/publicaciones-pmv.co\/index.php\/wp-json\/wp\/v2\/media?parent=25"}],"curies":[{"name":"wp","href":"https:\/\/api.w.org\/{rel}","templated":true}]}}