{"id":23,"date":"2025-09-18T18:58:25","date_gmt":"2025-09-18T18:58:25","guid":{"rendered":"https:\/\/publicaciones-pmv.co\/?page_id=23"},"modified":"2025-12-10T11:29:59","modified_gmt":"2025-12-10T16:29:59","slug":"galeria","status":"publish","type":"page","link":"https:\/\/publicaciones-pmv.co\/index.php\/galeria\/","title":{"rendered":"Galer\u00eda"},"content":{"rendered":"\n<figure class=\"wp-block-image size-large\"><img loading=\"lazy\" decoding=\"async\" width=\"768\" height=\"1024\" src=\"https:\/\/publicaciones-pmv.co\/wp-content\/uploads\/2025\/10\/PMVG-768x1024.jpeg\" alt=\"\" class=\"wp-image-367\" srcset=\"https:\/\/publicaciones-pmv.co\/wp-content\/uploads\/2025\/10\/PMVG-768x1024.jpeg 768w, https:\/\/publicaciones-pmv.co\/wp-content\/uploads\/2025\/10\/PMVG-225x300.jpeg 225w, https:\/\/publicaciones-pmv.co\/wp-content\/uploads\/2025\/10\/PMVG.jpeg 960w\" sizes=\"auto, (max-width: 768px) 100vw, 768px\" \/><\/figure>\n\n\n\n<figure class=\"wp-block-image size-large\"><img loading=\"lazy\" decoding=\"async\" width=\"1024\" height=\"683\" src=\"https:\/\/publicaciones-pmv.co\/wp-content\/uploads\/2025\/10\/DSC00389-1024x683.png\" alt=\"\" class=\"wp-image-296\" srcset=\"https:\/\/publicaciones-pmv.co\/wp-content\/uploads\/2025\/10\/DSC00389-1024x683.png 1024w, https:\/\/publicaciones-pmv.co\/wp-content\/uploads\/2025\/10\/DSC00389-300x200.png 300w, https:\/\/publicaciones-pmv.co\/wp-content\/uploads\/2025\/10\/DSC00389-768x512.png 768w, https:\/\/publicaciones-pmv.co\/wp-content\/uploads\/2025\/10\/DSC00389-1536x1024.png 1536w, https:\/\/publicaciones-pmv.co\/wp-content\/uploads\/2025\/10\/DSC00389-2048x1365.png 2048w\" sizes=\"auto, (max-width: 1024px) 100vw, 1024px\" \/><figcaption class=\"wp-element-caption\"><strong>Senadora Clara Eugenia L\u00f3pez Obreg\u00f3n <\/strong><\/figcaption><\/figure>\n\n\n\n<figure class=\"wp-block-image size-large\"><img loading=\"lazy\" decoding=\"async\" width=\"683\" height=\"1024\" src=\"https:\/\/publicaciones-pmv.co\/wp-content\/uploads\/2025\/12\/DSC00482-683x1024.jpg\" alt=\"\" class=\"wp-image-439\" srcset=\"https:\/\/publicaciones-pmv.co\/wp-content\/uploads\/2025\/12\/DSC00482-683x1024.jpg 683w, https:\/\/publicaciones-pmv.co\/wp-content\/uploads\/2025\/12\/DSC00482-200x300.jpg 200w, https:\/\/publicaciones-pmv.co\/wp-content\/uploads\/2025\/12\/DSC00482-768x1152.jpg 768w, https:\/\/publicaciones-pmv.co\/wp-content\/uploads\/2025\/12\/DSC00482-1024x1536.jpg 1024w, https:\/\/publicaciones-pmv.co\/wp-content\/uploads\/2025\/12\/DSC00482-1365x2048.jpg 1365w, https:\/\/publicaciones-pmv.co\/wp-content\/uploads\/2025\/12\/DSC00482-scaled.jpg 1707w\" sizes=\"auto, (max-width: 683px) 100vw, 683px\" \/><figcaption class=\"wp-element-caption\"><strong>Senadora A\u00edda Yolanda Avella Esquivel<\/strong><\/figcaption><\/figure>\n\n\n\n<figure class=\"wp-block-image size-large\"><img loading=\"lazy\" decoding=\"async\" width=\"1024\" height=\"683\" src=\"https:\/\/publicaciones-pmv.co\/wp-content\/uploads\/2025\/12\/DSC00497-1024x683.png\" alt=\"\" class=\"wp-image-440\" srcset=\"https:\/\/publicaciones-pmv.co\/wp-content\/uploads\/2025\/12\/DSC00497-1024x683.png 1024w, https:\/\/publicaciones-pmv.co\/wp-content\/uploads\/2025\/12\/DSC00497-300x200.png 300w, https:\/\/publicaciones-pmv.co\/wp-content\/uploads\/2025\/12\/DSC00497-768x512.png 768w, https:\/\/publicaciones-pmv.co\/wp-content\/uploads\/2025\/12\/DSC00497-1536x1024.png 1536w, https:\/\/publicaciones-pmv.co\/wp-content\/uploads\/2025\/12\/DSC00497-2048x1365.png 2048w\" sizes=\"auto, (max-width: 1024px) 100vw, 1024px\" \/><figcaption class=\"wp-element-caption\"><strong>Senadora Yuly Esmeralda Hern\u00e1ndez Silva <\/strong><\/figcaption><\/figure>\n\n\n\n<figure class=\"wp-block-image size-large\"><img loading=\"lazy\" decoding=\"async\" width=\"1024\" height=\"683\" src=\"https:\/\/publicaciones-pmv.co\/wp-content\/uploads\/2025\/12\/DSC00760-1024x683.jpg\" alt=\"\" class=\"wp-image-441\" srcset=\"https:\/\/publicaciones-pmv.co\/wp-content\/uploads\/2025\/12\/DSC00760-1024x683.jpg 1024w, https:\/\/publicaciones-pmv.co\/wp-content\/uploads\/2025\/12\/DSC00760-300x200.jpg 300w, https:\/\/publicaciones-pmv.co\/wp-content\/uploads\/2025\/12\/DSC00760-768x512.jpg 768w, https:\/\/publicaciones-pmv.co\/wp-content\/uploads\/2025\/12\/DSC00760-1536x1024.jpg 1536w, https:\/\/publicaciones-pmv.co\/wp-content\/uploads\/2025\/12\/DSC00760-2048x1365.jpg 2048w\" sizes=\"auto, (max-width: 1024px) 100vw, 1024px\" \/><figcaption class=\"wp-element-caption\"><strong>Senadora Mar\u00eda Jos\u00e9 Pizarro Rodr\u00edguez <\/strong><\/figcaption><\/figure>\n\n\n\n<figure class=\"wp-block-image size-large\"><img loading=\"lazy\" decoding=\"async\" width=\"1024\" height=\"683\" src=\"https:\/\/publicaciones-pmv.co\/wp-content\/uploads\/2025\/12\/DSC00618-1024x683.jpg\" alt=\"\" class=\"wp-image-442\" srcset=\"https:\/\/publicaciones-pmv.co\/wp-content\/uploads\/2025\/12\/DSC00618-1024x683.jpg 1024w, https:\/\/publicaciones-pmv.co\/wp-content\/uploads\/2025\/12\/DSC00618-300x200.jpg 300w, https:\/\/publicaciones-pmv.co\/wp-content\/uploads\/2025\/12\/DSC00618-768x512.jpg 768w, https:\/\/publicaciones-pmv.co\/wp-content\/uploads\/2025\/12\/DSC00618-1536x1024.jpg 1536w, https:\/\/publicaciones-pmv.co\/wp-content\/uploads\/2025\/12\/DSC00618-2048x1365.jpg 2048w\" sizes=\"auto, (max-width: 1024px) 100vw, 1024px\" \/><figcaption class=\"wp-element-caption\"><strong>Senador Carlos Alberto Benavides Mora<\/strong><\/figcaption><\/figure>\n\n\n\n<figure class=\"wp-block-image size-large\"><img loading=\"lazy\" decoding=\"async\" width=\"683\" height=\"1024\" src=\"https:\/\/publicaciones-pmv.co\/wp-content\/uploads\/2025\/10\/DSC00372-683x1024.png\" alt=\"\" class=\"wp-image-295\" srcset=\"https:\/\/publicaciones-pmv.co\/wp-content\/uploads\/2025\/10\/DSC00372-683x1024.png 683w, https:\/\/publicaciones-pmv.co\/wp-content\/uploads\/2025\/10\/DSC00372-200x300.png 200w, https:\/\/publicaciones-pmv.co\/wp-content\/uploads\/2025\/10\/DSC00372-768x1152.png 768w, https:\/\/publicaciones-pmv.co\/wp-content\/uploads\/2025\/10\/DSC00372-scaled.png 1707w\" sizes=\"auto, (max-width: 683px) 100vw, 683px\" \/><figcaption class=\"wp-element-caption\"><strong>Senador Wilson Neber Arias Castillo<\/strong><\/figcaption><\/figure>\n\n\n\n<figure class=\"wp-block-image size-full\"><img decoding=\"async\" src=\"https:\/\/publicaciones-pmv.co\/wp-content\/uploads\/2025\/10\/DSC00179.png\" alt=\"\" class=\"wp-image-294\"\/><figcaption class=\"wp-element-caption\"><strong>Senadora Sonia Shirley Bernal S\u00e1nchez<\/strong><\/figcaption><\/figure>\n\n\n\n<figure class=\"wp-block-image size-large\"><img loading=\"lazy\" decoding=\"async\" width=\"1024\" height=\"683\" src=\"https:\/\/publicaciones-pmv.co\/wp-content\/uploads\/2025\/10\/DSC00128-1024x683.png\" alt=\"\" class=\"wp-image-292\" srcset=\"https:\/\/publicaciones-pmv.co\/wp-content\/uploads\/2025\/10\/DSC00128-1024x683.png 1024w, https:\/\/publicaciones-pmv.co\/wp-content\/uploads\/2025\/10\/DSC00128-300x200.png 300w, https:\/\/publicaciones-pmv.co\/wp-content\/uploads\/2025\/10\/DSC00128-768x512.png 768w, https:\/\/publicaciones-pmv.co\/wp-content\/uploads\/2025\/10\/DSC00128-1536x1024.png 1536w, https:\/\/publicaciones-pmv.co\/wp-content\/uploads\/2025\/10\/DSC00128.png 1752w\" sizes=\"auto, (max-width: 1024px) 100vw, 1024px\" \/><figcaption class=\"wp-element-caption\"><strong>Senadora Isabel Cristina Zuleta L\u00f3pez<\/strong><\/figcaption><\/figure>\n\n\n\n<figure class=\"wp-block-image size-full\"><img loading=\"lazy\" decoding=\"async\" width=\"1707\" height=\"2560\" src=\"https:\/\/publicaciones-pmv.co\/wp-content\/uploads\/2025\/12\/DSC00600-scaled.jpg\" alt=\"\" class=\"wp-image-443\" srcset=\"https:\/\/publicaciones-pmv.co\/wp-content\/uploads\/2025\/12\/DSC00600-scaled.jpg 1707w, https:\/\/publicaciones-pmv.co\/wp-content\/uploads\/2025\/12\/DSC00600-200x300.jpg 200w, https:\/\/publicaciones-pmv.co\/wp-content\/uploads\/2025\/12\/DSC00600-683x1024.jpg 683w, https:\/\/publicaciones-pmv.co\/wp-content\/uploads\/2025\/12\/DSC00600-768x1152.jpg 768w, https:\/\/publicaciones-pmv.co\/wp-content\/uploads\/2025\/12\/DSC00600-1024x1536.jpg 1024w, https:\/\/publicaciones-pmv.co\/wp-content\/uploads\/2025\/12\/DSC00600-1365x2048.jpg 1365w\" sizes=\"auto, (max-width: 1707px) 100vw, 1707px\" \/><figcaption class=\"wp-element-caption\"><strong>Honorable Representante Erick Adri\u00e1n Velasco Burbano<\/strong> <\/figcaption><\/figure>\n\n\n\n<figure class=\"wp-block-image size-full\"><img loading=\"lazy\" decoding=\"async\" width=\"2560\" height=\"1707\" src=\"https:\/\/publicaciones-pmv.co\/wp-content\/uploads\/2025\/12\/DSC00588-scaled.jpg\" alt=\"\" class=\"wp-image-444\" srcset=\"https:\/\/publicaciones-pmv.co\/wp-content\/uploads\/2025\/12\/DSC00588-scaled.jpg 2560w, https:\/\/publicaciones-pmv.co\/wp-content\/uploads\/2025\/12\/DSC00588-300x200.jpg 300w, https:\/\/publicaciones-pmv.co\/wp-content\/uploads\/2025\/12\/DSC00588-1024x683.jpg 1024w, https:\/\/publicaciones-pmv.co\/wp-content\/uploads\/2025\/12\/DSC00588-768x512.jpg 768w, https:\/\/publicaciones-pmv.co\/wp-content\/uploads\/2025\/12\/DSC00588-1536x1024.jpg 1536w, https:\/\/publicaciones-pmv.co\/wp-content\/uploads\/2025\/12\/DSC00588-2048x1365.jpg 2048w\" sizes=\"auto, (max-width: 2560px) 100vw, 2560px\" \/><figcaption class=\"wp-element-caption\"><strong>Honorable Representante Gabriel Ernesto Parrado Dur\u00e1n<\/strong><\/figcaption><\/figure>\n\n\n\n<figure class=\"wp-block-image size-full\"><img loading=\"lazy\" decoding=\"async\" width=\"2560\" height=\"1707\" src=\"https:\/\/publicaciones-pmv.co\/wp-content\/uploads\/2025\/12\/DSC00640-scaled.jpg\" alt=\"\" class=\"wp-image-445\" srcset=\"https:\/\/publicaciones-pmv.co\/wp-content\/uploads\/2025\/12\/DSC00640-scaled.jpg 2560w, https:\/\/publicaciones-pmv.co\/wp-content\/uploads\/2025\/12\/DSC00640-300x200.jpg 300w, https:\/\/publicaciones-pmv.co\/wp-content\/uploads\/2025\/12\/DSC00640-1024x683.jpg 1024w, https:\/\/publicaciones-pmv.co\/wp-content\/uploads\/2025\/12\/DSC00640-768x512.jpg 768w, https:\/\/publicaciones-pmv.co\/wp-content\/uploads\/2025\/12\/DSC00640-1536x1024.jpg 1536w, https:\/\/publicaciones-pmv.co\/wp-content\/uploads\/2025\/12\/DSC00640-2048x1365.jpg 2048w\" sizes=\"auto, (max-width: 2560px) 100vw, 2560px\" \/><figcaption class=\"wp-element-caption\"><strong>Honorable Representante Carmen Felisa Ram\u00edrez Bosc\u00e1n<\/strong> <\/figcaption><\/figure>\n\n\n\n<figure class=\"wp-block-image size-full\"><img loading=\"lazy\" decoding=\"async\" width=\"2560\" height=\"1707\" src=\"https:\/\/publicaciones-pmv.co\/wp-content\/uploads\/2025\/12\/DSC00690-scaled.jpg\" alt=\"\" class=\"wp-image-446\" srcset=\"https:\/\/publicaciones-pmv.co\/wp-content\/uploads\/2025\/12\/DSC00690-scaled.jpg 2560w, https:\/\/publicaciones-pmv.co\/wp-content\/uploads\/2025\/12\/DSC00690-300x200.jpg 300w, https:\/\/publicaciones-pmv.co\/wp-content\/uploads\/2025\/12\/DSC00690-1024x683.jpg 1024w, https:\/\/publicaciones-pmv.co\/wp-content\/uploads\/2025\/12\/DSC00690-768x512.jpg 768w, https:\/\/publicaciones-pmv.co\/wp-content\/uploads\/2025\/12\/DSC00690-1536x1024.jpg 1536w, https:\/\/publicaciones-pmv.co\/wp-content\/uploads\/2025\/12\/DSC00690-2048x1365.jpg 2048w\" sizes=\"auto, (max-width: 2560px) 100vw, 2560px\" \/><figcaption class=\"wp-element-caption\"><strong>Honorable Representante Etna Tamara Argote Calder\u00f3n<\/strong> <\/figcaption><\/figure>\n\n\n\n<figure class=\"wp-block-image size-full\"><img loading=\"lazy\" decoding=\"async\" width=\"2560\" height=\"1707\" src=\"https:\/\/publicaciones-pmv.co\/wp-content\/uploads\/2025\/12\/DSC00717-scaled.jpg\" alt=\"\" class=\"wp-image-447\" srcset=\"https:\/\/publicaciones-pmv.co\/wp-content\/uploads\/2025\/12\/DSC00717-scaled.jpg 2560w, https:\/\/publicaciones-pmv.co\/wp-content\/uploads\/2025\/12\/DSC00717-300x200.jpg 300w, https:\/\/publicaciones-pmv.co\/wp-content\/uploads\/2025\/12\/DSC00717-1024x683.jpg 1024w, https:\/\/publicaciones-pmv.co\/wp-content\/uploads\/2025\/12\/DSC00717-768x512.jpg 768w, https:\/\/publicaciones-pmv.co\/wp-content\/uploads\/2025\/12\/DSC00717-1536x1024.jpg 1536w, https:\/\/publicaciones-pmv.co\/wp-content\/uploads\/2025\/12\/DSC00717-2048x1365.jpg 2048w\" sizes=\"auto, (max-width: 2560px) 100vw, 2560px\" \/><figcaption class=\"wp-element-caption\"><strong>Honorable Representante Pedro Jos\u00e9 Su\u00e1rez Vacca<\/strong> <\/figcaption><\/figure>\n\n\n\n<figure class=\"wp-block-image size-full\"><img loading=\"lazy\" decoding=\"async\" width=\"2560\" height=\"1707\" src=\"https:\/\/publicaciones-pmv.co\/wp-content\/uploads\/2025\/12\/DSC00737-scaled.jpg\" alt=\"\" class=\"wp-image-448\" srcset=\"https:\/\/publicaciones-pmv.co\/wp-content\/uploads\/2025\/12\/DSC00737-scaled.jpg 2560w, https:\/\/publicaciones-pmv.co\/wp-content\/uploads\/2025\/12\/DSC00737-300x200.jpg 300w, https:\/\/publicaciones-pmv.co\/wp-content\/uploads\/2025\/12\/DSC00737-1024x683.jpg 1024w, https:\/\/publicaciones-pmv.co\/wp-content\/uploads\/2025\/12\/DSC00737-768x512.jpg 768w, https:\/\/publicaciones-pmv.co\/wp-content\/uploads\/2025\/12\/DSC00737-1536x1024.jpg 1536w, https:\/\/publicaciones-pmv.co\/wp-content\/uploads\/2025\/12\/DSC00737-2048x1365.jpg 2048w\" sizes=\"auto, (max-width: 2560px) 100vw, 2560px\" \/><figcaption class=\"wp-element-caption\"><strong>Honorable Representante Mar\u00eda Fernanda Carrascal Rojas<\/strong> <\/figcaption><\/figure>\n\n\n\n<figure class=\"wp-block-image size-full\"><img loading=\"lazy\" decoding=\"async\" width=\"2560\" height=\"1707\" src=\"https:\/\/publicaciones-pmv.co\/wp-content\/uploads\/2025\/10\/DSC00409-scaled.jpg\" alt=\"\" class=\"wp-image-356\" srcset=\"https:\/\/publicaciones-pmv.co\/wp-content\/uploads\/2025\/10\/DSC00409-scaled.jpg 2560w, https:\/\/publicaciones-pmv.co\/wp-content\/uploads\/2025\/10\/DSC00409-300x200.jpg 300w, https:\/\/publicaciones-pmv.co\/wp-content\/uploads\/2025\/10\/DSC00409-1024x683.jpg 1024w, https:\/\/publicaciones-pmv.co\/wp-content\/uploads\/2025\/10\/DSC00409-768x512.jpg 768w, https:\/\/publicaciones-pmv.co\/wp-content\/uploads\/2025\/10\/DSC00409-1536x1024.jpg 1536w, https:\/\/publicaciones-pmv.co\/wp-content\/uploads\/2025\/10\/DSC00409-2048x1365.jpg 2048w\" sizes=\"auto, (max-width: 2560px) 100vw, 2560px\" \/><figcaption class=\"wp-element-caption\"><strong>Honorable Representante Pedro Baracutao Garc\u00eda Ospina<\/strong> <\/figcaption><\/figure>\n\n\n\n<figure class=\"wp-block-image size-full\"><img decoding=\"async\" src=\"https:\/\/publicaciones-pmv.co\/wp-content\/uploads\/2025\/10\/DSC00115.png\" alt=\"\" class=\"wp-image-293\"\/><figcaption class=\"wp-element-caption\"><strong>Honorable Representante Alirio Uribe Mu\u00f1oz <\/strong><\/figcaption><\/figure>\n\n\n\n<figure class=\"wp-block-image size-full\"><img decoding=\"async\" src=\"https:\/\/publicaciones-pmv.co\/wp-content\/uploads\/2025\/10\/DSC00097.png\" alt=\"\" class=\"wp-image-291\"\/><figcaption class=\"wp-element-caption\"><strong>Honorable Representante Leyla Marleny Rinc\u00f3n Trujillo<\/strong><\/figcaption><\/figure>\n\n\n\n<figure class=\"wp-block-image size-full\"><img decoding=\"async\" src=\"https:\/\/publicaciones-pmv.co\/wp-content\/uploads\/2025\/10\/DSC00077.png\" alt=\"\" class=\"wp-image-290\"\/><figcaption class=\"wp-element-caption\"><strong>Honorable Representante Gildardo Silva Molina<\/strong><\/figcaption><\/figure>\n\n\n\n<figure class=\"wp-block-image size-full\"><img decoding=\"async\" src=\"https:\/\/publicaciones-pmv.co\/wp-content\/uploads\/2025\/10\/DSC00032.png\" alt=\"\" class=\"wp-image-289\"\/><figcaption class=\"wp-element-caption\"><strong>Honorable Representante Leider Alexandra V\u00e1squez Ochoa <\/strong><\/figcaption><\/figure>\n\n\n\n<figure class=\"wp-block-image size-large\"><img loading=\"lazy\" decoding=\"async\" width=\"683\" height=\"1024\" src=\"https:\/\/publicaciones-pmv.co\/wp-content\/uploads\/2025\/10\/DSC00235-683x1024.jpg\" alt=\"\" class=\"wp-image-301\" srcset=\"https:\/\/publicaciones-pmv.co\/wp-content\/uploads\/2025\/10\/DSC00235-683x1024.jpg 683w, https:\/\/publicaciones-pmv.co\/wp-content\/uploads\/2025\/10\/DSC00235-200x300.jpg 200w, https:\/\/publicaciones-pmv.co\/wp-content\/uploads\/2025\/10\/DSC00235-768x1152.jpg 768w, https:\/\/publicaciones-pmv.co\/wp-content\/uploads\/2025\/10\/DSC00235-1024x1536.jpg 1024w, https:\/\/publicaciones-pmv.co\/wp-content\/uploads\/2025\/10\/DSC00235-1365x2048.jpg 1365w, https:\/\/publicaciones-pmv.co\/wp-content\/uploads\/2025\/10\/DSC00235-scaled.jpg 1707w\" sizes=\"auto, (max-width: 683px) 100vw, 683px\" \/><figcaption class=\"wp-element-caption\"><strong>Al\u00ed Bant\u00fa Ashanti<\/strong><\/figcaption><\/figure>\n\n\n\n<figure class=\"wp-block-image size-large\"><img loading=\"lazy\" decoding=\"async\" width=\"1024\" height=\"683\" src=\"https:\/\/publicaciones-pmv.co\/wp-content\/uploads\/2025\/10\/DSC00302-1024x683.jpg\" alt=\"\" class=\"wp-image-298\" srcset=\"https:\/\/publicaciones-pmv.co\/wp-content\/uploads\/2025\/10\/DSC00302-1024x683.jpg 1024w, https:\/\/publicaciones-pmv.co\/wp-content\/uploads\/2025\/10\/DSC00302-300x200.jpg 300w, https:\/\/publicaciones-pmv.co\/wp-content\/uploads\/2025\/10\/DSC00302-768x512.jpg 768w, https:\/\/publicaciones-pmv.co\/wp-content\/uploads\/2025\/10\/DSC00302-1536x1024.jpg 1536w, https:\/\/publicaciones-pmv.co\/wp-content\/uploads\/2025\/10\/DSC00302-2048x1365.jpg 2048w\" sizes=\"auto, (max-width: 1024px) 100vw, 1024px\" \/><figcaption class=\"wp-element-caption\"><strong>Honorable Representante David Ricardo Racero Mayorca <\/strong><\/figcaption><\/figure>\n\n\n\n<figure class=\"wp-block-image size-large\"><img loading=\"lazy\" decoding=\"async\" width=\"683\" height=\"1024\" src=\"https:\/\/publicaciones-pmv.co\/wp-content\/uploads\/2025\/10\/DSC00258-683x1024.jpg\" alt=\"\" class=\"wp-image-309\" srcset=\"https:\/\/publicaciones-pmv.co\/wp-content\/uploads\/2025\/10\/DSC00258-683x1024.jpg 683w, https:\/\/publicaciones-pmv.co\/wp-content\/uploads\/2025\/10\/DSC00258-200x300.jpg 200w, https:\/\/publicaciones-pmv.co\/wp-content\/uploads\/2025\/10\/DSC00258-768x1152.jpg 768w, https:\/\/publicaciones-pmv.co\/wp-content\/uploads\/2025\/10\/DSC00258-1024x1536.jpg 1024w, https:\/\/publicaciones-pmv.co\/wp-content\/uploads\/2025\/10\/DSC00258-1365x2048.jpg 1365w, https:\/\/publicaciones-pmv.co\/wp-content\/uploads\/2025\/10\/DSC00258-scaled.jpg 1707w\" sizes=\"auto, (max-width: 683px) 100vw, 683px\" \/><figcaption class=\"wp-element-caption\"><strong>Honorable Representante Eduard Giovanny Sarmiento Hidalgo <\/strong><\/figcaption><\/figure>\n\n\n\n<figure class=\"wp-block-image size-large\"><img loading=\"lazy\" decoding=\"async\" width=\"1024\" height=\"683\" src=\"https:\/\/publicaciones-pmv.co\/wp-content\/uploads\/2025\/10\/DSC00287-1024x683.jpg\" alt=\"\" class=\"wp-image-310\" srcset=\"https:\/\/publicaciones-pmv.co\/wp-content\/uploads\/2025\/10\/DSC00287-1024x683.jpg 1024w, https:\/\/publicaciones-pmv.co\/wp-content\/uploads\/2025\/10\/DSC00287-300x200.jpg 300w, https:\/\/publicaciones-pmv.co\/wp-content\/uploads\/2025\/10\/DSC00287-768x512.jpg 768w, https:\/\/publicaciones-pmv.co\/wp-content\/uploads\/2025\/10\/DSC00287-1536x1024.jpg 1536w, https:\/\/publicaciones-pmv.co\/wp-content\/uploads\/2025\/10\/DSC00287-2048x1365.jpg 2048w\" sizes=\"auto, (max-width: 1024px) 100vw, 1024px\" \/><figcaption class=\"wp-element-caption\"><strong>Honorable Representante Jorge Andr\u00e9s Cancimance L\u00f3pez <\/strong><\/figcaption><\/figure>\n\n\n\n<p><\/p>\n","protected":false},"excerpt":{"rendered":"","protected":false},"author":2,"featured_media":0,"parent":0,"menu_order":0,"comment_status":"closed","ping_status":"closed","template":"","meta":{"footnotes":""},"class_list":["post-23","page","type-page","status-publish","hentry"],"_links":{"self":[{"href":"https:\/\/publicaciones-pmv.co\/index.php\/wp-json\/wp\/v2\/pages\/23","targetHints":{"allow":["GET"]}}],"collection":[{"href":"https:\/\/publicaciones-pmv.co\/index.php\/wp-json\/wp\/v2\/pages"}],"about":[{"href":"https:\/\/publicaciones-pmv.co\/index.php\/wp-json\/wp\/v2\/types\/page"}],"author":[{"embeddable":true,"href":"https:\/\/publicaciones-pmv.co\/index.php\/wp-json\/wp\/v2\/users\/2"}],"replies":[{"embeddable":true,"href":"https:\/\/publicaciones-pmv.co\/index.php\/wp-json\/wp\/v2\/comments?post=23"}],"version-history":[{"count":7,"href":"https:\/\/publicaciones-pmv.co\/index.php\/wp-json\/wp\/v2\/pages\/23\/revisions"}],"predecessor-version":[{"id":449,"href":"https:\/\/publicaciones-pmv.co\/index.php\/wp-json\/wp\/v2\/pages\/23\/revisions\/449"}],"wp:attachment":[{"href":"https:\/\/publicaciones-pmv.co\/index.php\/wp-json\/wp\/v2\/media?parent=23"}],"curies":[{"name":"wp","href":"https:\/\/api.w.org\/{rel}","templated":true}]}}