{"id":17,"date":"2025-09-18T18:56:44","date_gmt":"2025-09-18T18:56:44","guid":{"rendered":"https:\/\/publicaciones-pmv.co\/?page_id=17"},"modified":"2026-02-05T13:35:40","modified_gmt":"2026-02-05T18:35:40","slug":"empresas-pmv","status":"publish","type":"page","link":"https:\/\/publicaciones-pmv.co\/index.php\/empresas-pmv\/","title":{"rendered":"Empresas PMV"},"content":{"rendered":"\n<p style=\"text-align: justify;\">Este espacio est\u00e1 dedicado a reconocer a las empresas que, mediante su labor, han demostrado un compromiso ejemplar con la excelencia, la innovaci\u00f3n y los principios del desarrollo sostenible en Colombia. <\/p>\n\n\n\n<p style=\"text-align: justify;\">Ya sea a trav\u00e9s de su participaci\u00f3n en proyectos p\u00fablicos, su contribuci\u00f3n al fortalecimiento institucional o su alineaci\u00f3n con los valores del <strong>Plan Nacional de Desarrollo Colombia, Potencia Mundial de la Vida,<\/strong> estas organizaciones han alcanzado un nivel superior de impacto y responsabilidad. <\/p>\n\n\n\n<p style=\"text-align: justify;\">Su reconocimiento representa prestigio institucional y abre nuevas oportunidades en el \u00e1mbito nacional e internacional. <strong>Gobiernos, entidades y sectores productivos<\/strong> valoran profundamente trabajar con empresas que destacan por su visi\u00f3n, constancia y excelencia. <\/p>\n\n\n\n<p style=\"text-align: justify;\"><strong>Hoy forman parte de una red de empresas de primer nivel, comprometidas con el progreso de Colombia y con una proyecci\u00f3n que trasciende fronteras.<\/strong> <\/p>\n\n\n\n<div style=\"height:100px\" aria-hidden=\"true\" class=\"wp-block-spacer\"><\/div>\n\n\n\n<hr class=\"wp-block-separator has-alpha-channel-opacity\"\/>\n\n\n\n<div class=\"wp-block-media-text alignwide has-media-on-the-right is-stacked-on-mobile is-vertically-aligned-center\"><div class=\"wp-block-media-text__content\">\n<p><strong>SOMEX S.A.S. &#8211; L\u00edderes Nacionales en el Sector Agropecuario y Pecuario<\/strong><\/p>\n<\/div><figure class=\"wp-block-media-text__media\"><img loading=\"lazy\" decoding=\"async\" width=\"970\" height=\"1024\" src=\"https:\/\/publicaciones-pmv.co\/wp-content\/uploads\/2026\/02\/WhatsApp-Image-2026-01-28-at-1.48.45-PM-970x1024.jpg\" alt=\"\" class=\"wp-image-456 size-full\" srcset=\"https:\/\/publicaciones-pmv.co\/wp-content\/uploads\/2026\/02\/WhatsApp-Image-2026-01-28-at-1.48.45-PM-970x1024.jpg 970w, https:\/\/publicaciones-pmv.co\/wp-content\/uploads\/2026\/02\/WhatsApp-Image-2026-01-28-at-1.48.45-PM-284x300.jpg 284w, https:\/\/publicaciones-pmv.co\/wp-content\/uploads\/2026\/02\/WhatsApp-Image-2026-01-28-at-1.48.45-PM-768x811.jpg 768w, https:\/\/publicaciones-pmv.co\/wp-content\/uploads\/2026\/02\/WhatsApp-Image-2026-01-28-at-1.48.45-PM-1455x1536.jpg 1455w, https:\/\/publicaciones-pmv.co\/wp-content\/uploads\/2026\/02\/WhatsApp-Image-2026-01-28-at-1.48.45-PM-1940x2048.jpg 1940w, https:\/\/publicaciones-pmv.co\/wp-content\/uploads\/2026\/02\/WhatsApp-Image-2026-01-28-at-1.48.45-PM-1024x1081.jpg 1024w, https:\/\/publicaciones-pmv.co\/wp-content\/uploads\/2026\/02\/WhatsApp-Image-2026-01-28-at-1.48.45-PM.jpg 1973w\" sizes=\"auto, (max-width: 970px) 100vw, 970px\" \/><\/figure><\/div>\n\n\n\n<hr class=\"wp-block-separator has-alpha-channel-opacity\"\/>\n\n\n\n<div class=\"wp-block-media-text alignwide is-stacked-on-mobile is-vertically-aligned-center\"><figure class=\"wp-block-media-text__media\"><img loading=\"lazy\" decoding=\"async\" width=\"970\" height=\"1024\" src=\"https:\/\/publicaciones-pmv.co\/wp-content\/uploads\/2025\/09\/Galardon_PPMV_-970x1024.jpg\" alt=\"\" class=\"wp-image-223 size-full\" srcset=\"https:\/\/publicaciones-pmv.co\/wp-content\/uploads\/2025\/09\/Galardon_PPMV_-970x1024.jpg 970w, https:\/\/publicaciones-pmv.co\/wp-content\/uploads\/2025\/09\/Galardon_PPMV_-284x300.jpg 284w, https:\/\/publicaciones-pmv.co\/wp-content\/uploads\/2025\/09\/Galardon_PPMV_-768x811.jpg 768w, https:\/\/publicaciones-pmv.co\/wp-content\/uploads\/2025\/09\/Galardon_PPMV_-1455x1536.jpg 1455w, https:\/\/publicaciones-pmv.co\/wp-content\/uploads\/2025\/09\/Galardon_PPMV_-1940x2048.jpg 1940w, https:\/\/publicaciones-pmv.co\/wp-content\/uploads\/2025\/09\/Galardon_PPMV_-1024x1081.jpg 1024w, https:\/\/publicaciones-pmv.co\/wp-content\/uploads\/2025\/09\/Galardon_PPMV_.jpg 1973w\" sizes=\"auto, (max-width: 970px) 100vw, 970px\" \/><\/figure><div class=\"wp-block-media-text__content\">\n<p><strong><em>RECONOCIMIENTO A LAS EMPRESA DE CONFIANZA DEL GOBIERNO<\/em><\/strong><\/p>\n<\/div><\/div>\n\n\n\n<p><\/p>\n","protected":false},"excerpt":{"rendered":"<p>Este espacio est\u00e1 dedicado a reconocer a las empresas que,<\/p>\n","protected":false},"author":2,"featured_media":0,"parent":0,"menu_order":0,"comment_status":"closed","ping_status":"closed","template":"","meta":{"footnotes":""},"class_list":["post-17","page","type-page","status-publish","hentry"],"_links":{"self":[{"href":"https:\/\/publicaciones-pmv.co\/index.php\/wp-json\/wp\/v2\/pages\/17","targetHints":{"allow":["GET"]}}],"collection":[{"href":"https:\/\/publicaciones-pmv.co\/index.php\/wp-json\/wp\/v2\/pages"}],"about":[{"href":"https:\/\/publicaciones-pmv.co\/index.php\/wp-json\/wp\/v2\/types\/page"}],"author":[{"embeddable":true,"href":"https:\/\/publicaciones-pmv.co\/index.php\/wp-json\/wp\/v2\/users\/2"}],"replies":[{"embeddable":true,"href":"https:\/\/publicaciones-pmv.co\/index.php\/wp-json\/wp\/v2\/comments?post=17"}],"version-history":[{"count":8,"href":"https:\/\/publicaciones-pmv.co\/index.php\/wp-json\/wp\/v2\/pages\/17\/revisions"}],"predecessor-version":[{"id":458,"href":"https:\/\/publicaciones-pmv.co\/index.php\/wp-json\/wp\/v2\/pages\/17\/revisions\/458"}],"wp:attachment":[{"href":"https:\/\/publicaciones-pmv.co\/index.php\/wp-json\/wp\/v2\/media?parent=17"}],"curies":[{"name":"wp","href":"https:\/\/api.w.org\/{rel}","templated":true}]}}