{"id":11,"date":"2025-09-18T18:55:30","date_gmt":"2025-09-18T18:55:30","guid":{"rendered":"https:\/\/publicaciones-pmv.co\/?page_id=11"},"modified":"2025-09-19T13:15:06","modified_gmt":"2025-09-19T18:15:06","slug":"certificacion","status":"publish","type":"page","link":"https:\/\/publicaciones-pmv.co\/index.php\/certificacion\/","title":{"rendered":"Certificaci\u00f3n"},"content":{"rendered":"\n<p style=\"text-align: justify;\"><strong>El Instituto de Supervisi\u00f3n, Verificaci\u00f3n y Certificaci\u00f3n de Medios Impresos A.C. otorga el Certificado a Publicaciones Potencia Mundial de la Vida, en reconocimiento a su compromiso con la responsabilidad institucional, la confiabilidad editorial y la excelencia operativa.<\/strong><\/p>\n\n<p style=\"text-align: justify;\">Este certificado valida la implementaci\u00f3n de un sistema de confianza integral en la cadena de valor, desde los proveedores hasta los destinatarios finales, asegurando el cumplimiento riguroso de los ofrecimientos editoriales y estrat\u00e9gicos. Este reconocimiento respalda la dedicaci\u00f3n de Publicaciones PMV a mantener altos est\u00e1ndares de calidad, transparencia y articulaci\u00f3n institucional, en consonancia con los principios del desarrollo sostenible y la transformaci\u00f3n territorial. <\/p>\n\n\n\n<figure class=\"wp-block-image size-large\"><img loading=\"lazy\" decoding=\"async\" width=\"768\" height=\"1024\" src=\"https:\/\/publicaciones-pmv.co\/wp-content\/uploads\/2025\/09\/Certificado_PPMV_page-0001-768x1024.jpg\" alt=\"\" class=\"wp-image-77\" srcset=\"https:\/\/publicaciones-pmv.co\/wp-content\/uploads\/2025\/09\/Certificado_PPMV_page-0001-768x1024.jpg 768w, https:\/\/publicaciones-pmv.co\/wp-content\/uploads\/2025\/09\/Certificado_PPMV_page-0001-225x300.jpg 225w, https:\/\/publicaciones-pmv.co\/wp-content\/uploads\/2025\/09\/Certificado_PPMV_page-0001-1152x1536.jpg 1152w, https:\/\/publicaciones-pmv.co\/wp-content\/uploads\/2025\/09\/Certificado_PPMV_page-0001-1536x2048.jpg 1536w, https:\/\/publicaciones-pmv.co\/wp-content\/uploads\/2025\/09\/Certificado_PPMV_page-0001-1024x1365.jpg 1024w, https:\/\/publicaciones-pmv.co\/wp-content\/uploads\/2025\/09\/Certificado_PPMV_page-0001-scaled.jpg 1920w\" sizes=\"auto, (max-width: 768px) 100vw, 768px\" \/><\/figure>\n","protected":false},"excerpt":{"rendered":"<p>El Instituto de Supervisi\u00f3n, Verificaci\u00f3n y Certificaci\u00f3n de Medios Impresos<\/p>\n","protected":false},"author":2,"featured_media":0,"parent":0,"menu_order":0,"comment_status":"closed","ping_status":"closed","template":"","meta":{"footnotes":""},"class_list":["post-11","page","type-page","status-publish","hentry"],"_links":{"self":[{"href":"https:\/\/publicaciones-pmv.co\/index.php\/wp-json\/wp\/v2\/pages\/11","targetHints":{"allow":["GET"]}}],"collection":[{"href":"https:\/\/publicaciones-pmv.co\/index.php\/wp-json\/wp\/v2\/pages"}],"about":[{"href":"https:\/\/publicaciones-pmv.co\/index.php\/wp-json\/wp\/v2\/types\/page"}],"author":[{"embeddable":true,"href":"https:\/\/publicaciones-pmv.co\/index.php\/wp-json\/wp\/v2\/users\/2"}],"replies":[{"embeddable":true,"href":"https:\/\/publicaciones-pmv.co\/index.php\/wp-json\/wp\/v2\/comments?post=11"}],"version-history":[{"count":8,"href":"https:\/\/publicaciones-pmv.co\/index.php\/wp-json\/wp\/v2\/pages\/11\/revisions"}],"predecessor-version":[{"id":58,"href":"https:\/\/publicaciones-pmv.co\/index.php\/wp-json\/wp\/v2\/pages\/11\/revisions\/58"}],"wp:attachment":[{"href":"https:\/\/publicaciones-pmv.co\/index.php\/wp-json\/wp\/v2\/media?parent=11"}],"curies":[{"name":"wp","href":"https:\/\/api.w.org\/{rel}","templated":true}]}}